{"id":3739,"date":"2025-05-20T10:18:40","date_gmt":"2025-05-20T10:18:40","guid":{"rendered":"https:\/\/quai20.be\/?page_id=3739"},"modified":"2025-10-15T14:33:34","modified_gmt":"2025-10-15T14:33:34","slug":"branding","status":"publish","type":"page","link":"https:\/\/quai20.be\/nl\/branding\/","title":{"rendered":"Merkidentiteit"},"content":{"rendered":"<div data-elementor-type=\"wp-page\" data-elementor-id=\"3739\" class=\"elementor elementor-3739\" data-elementor-post-type=\"page\">\n\t\t\t\t<div class=\"elementor-element elementor-element-1250024 e-flex e-con-boxed e-con e-parent\" data-id=\"1250024\" data-element_type=\"container\" data-e-type=\"container\" data-settings=\"{&quot;background_background&quot;:&quot;classic&quot;}\">\n\t\t\t\t\t<div class=\"e-con-inner\">\n\t\t<div class=\"elementor-element elementor-element-46280e3 e-con-full e-flex e-con e-child\" data-id=\"46280e3\" data-element_type=\"container\" data-e-type=\"container\">\n\t\t\t\t<div class=\"elementor-element elementor-element-24a03ee elementor-widget elementor-widget-heading\" data-id=\"24a03ee\" data-element_type=\"widget\" data-e-type=\"widget\" data-widget_type=\"heading.default\">\n\t\t\t\t<div class=\"elementor-widget-container\">\n\t\t\t\t\t<h1 class=\"elementor-heading-title elementor-size-default\">BRANDING\n<\/h1>\t\t\t\t<\/div>\n\t\t\t\t<\/div>\n\t\t\t\t<div class=\"elementor-element elementor-element-cdd7d35 elementor-widget elementor-widget-text-editor\" data-id=\"cdd7d35\" data-element_type=\"widget\" data-e-type=\"widget\" data-widget_type=\"text-editor.default\">\n\t\t\t\t<div class=\"elementor-widget-container\">\n\t\t\t\t\t\t\t\t\t<p>Personaliseer uw evenement zoals u het wilt.<\/p>\t\t\t\t\t\t\t\t<\/div>\n\t\t\t\t<\/div>\n\t\t\t\t<\/div>\n\t\t\t\t\t<\/div>\n\t\t\t\t<\/div>\n\t\t<div class=\"elementor-element elementor-element-14206cf e-flex e-con-boxed e-con e-parent\" data-id=\"14206cf\" data-element_type=\"container\" data-e-type=\"container\">\n\t\t\t\t\t<div class=\"e-con-inner\">\n\t\t\t\t<div class=\"elementor-element elementor-element-1133b8a elementor-widget elementor-widget-spacer\" data-id=\"1133b8a\" data-element_type=\"widget\" data-e-type=\"widget\" data-widget_type=\"spacer.default\">\n\t\t\t\t<div class=\"elementor-widget-container\">\n\t\t\t\t\t\t\t<div class=\"elementor-spacer\">\n\t\t\t<div class=\"elementor-spacer-inner\"><\/div>\n\t\t<\/div>\n\t\t\t\t\t\t<\/div>\n\t\t\t\t<\/div>\n\t\t\t\t\t<\/div>\n\t\t\t\t<\/div>\n\t\t<div class=\"elementor-element elementor-element-612400c e-con-full e-flex e-con e-parent\" data-id=\"612400c\" data-element_type=\"container\" data-e-type=\"container\" data-settings=\"{&quot;background_background&quot;:&quot;classic&quot;}\">\n\t\t<div class=\"elementor-element elementor-element-4496fd5 e-flex e-con-boxed e-con e-child\" data-id=\"4496fd5\" data-element_type=\"container\" data-e-type=\"container\">\n\t\t\t\t\t<div class=\"e-con-inner\">\n\t\t\t\t<div class=\"elementor-element elementor-element-ee8f899 elementor-widget elementor-widget-heading\" data-id=\"ee8f899\" data-element_type=\"widget\" data-e-type=\"widget\" data-widget_type=\"heading.default\">\n\t\t\t\t<div class=\"elementor-widget-container\">\n\t\t\t\t\t<h1 class=\"elementor-heading-title elementor-size-default\">BRANDING EN PERSONALISATIE<\/h1>\t\t\t\t<\/div>\n\t\t\t\t<\/div>\n\t\t\t\t<div class=\"elementor-element elementor-element-abd9280 elementor-widget elementor-widget-text-editor\" data-id=\"abd9280\" data-element_type=\"widget\" data-e-type=\"widget\" data-widget_type=\"text-editor.default\">\n\t\t\t\t<div class=\"elementor-widget-container\">\n\t\t\t\t\t\t\t\t\t<p style=\"font-weight: 400;\">QUAI 20 is niet zomaar een eventlocatie. Dankzij het XL LED-scherm en diverse andere tv-schermen, transformeer je QUAI 20 moeiteloos in de sfeer en het thema van jouw event. Zo krijgt jouw merk of boodschap maximale visibiliteit in een unieke setting.<\/p>\t\t\t\t\t\t\t\t<\/div>\n\t\t\t\t<\/div>\n\t\t\t\t\t<\/div>\n\t\t\t\t<\/div>\n\t\t<div class=\"elementor-element elementor-element-5f44cc3 e-con-full e-flex e-con e-child\" data-id=\"5f44cc3\" data-element_type=\"container\" data-e-type=\"container\" data-settings=\"{&quot;background_background&quot;:&quot;classic&quot;}\">\n\t\t\t\t<div class=\"elementor-element elementor-element-ba195a9 elementor-widget elementor-widget-spacer\" data-id=\"ba195a9\" data-element_type=\"widget\" data-e-type=\"widget\" data-widget_type=\"spacer.default\">\n\t\t\t\t<div class=\"elementor-widget-container\">\n\t\t\t\t\t\t\t<div class=\"elementor-spacer\">\n\t\t\t<div class=\"elementor-spacer-inner\"><\/div>\n\t\t<\/div>\n\t\t\t\t\t\t<\/div>\n\t\t\t\t<\/div>\n\t\t\t\t<\/div>\n\t\t\t\t<\/div>\n\t\t<div class=\"elementor-element elementor-element-accc651 e-con-full e-flex e-con e-parent\" data-id=\"accc651\" data-element_type=\"container\" data-e-type=\"container\" data-settings=\"{&quot;background_background&quot;:&quot;classic&quot;}\">\n\t\t<div class=\"elementor-element elementor-element-d2eb81c e-con-full e-flex e-con e-child\" data-id=\"d2eb81c\" data-element_type=\"container\" data-e-type=\"container\">\n\t\t\t\t<div class=\"elementor-element elementor-element-567c865 elementor-widget elementor-widget-heading\" data-id=\"567c865\" data-element_type=\"widget\" data-e-type=\"widget\" data-widget_type=\"heading.default\">\n\t\t\t\t<div class=\"elementor-widget-container\">\n\t\t\t\t\t<h1 class=\"elementor-heading-title elementor-size-default\">LED-SCHERMEN<\/h1>\t\t\t\t<\/div>\n\t\t\t\t<\/div>\n\t\t\t\t<div class=\"elementor-element elementor-element-b845887 elementor-widget elementor-widget-text-editor\" data-id=\"b845887\" data-element_type=\"widget\" data-e-type=\"widget\" data-widget_type=\"text-editor.default\">\n\t\t\t\t<div class=\"elementor-widget-container\">\n\t\t\t\t\t\t\t\t\t<div><span lang=\"NL\">Onze Main Room is uitgerust met een XL LED-scherm van 8 meter op 4 meter \u00e9n 8 langwerpige LED-schermen \nvan 8 meter op 0,5 meter aan het plafond. Perfect voor visuals, animaties of branding die meteen indruk maken. Ideaal voor \u00e9lk type event \u2013 van presentaties tot party\u2019s.<\/span><\/div>\t\t\t\t\t\t\t\t<\/div>\n\t\t\t\t<\/div>\n\t\t\t\t<\/div>\n\t\t<div class=\"elementor-element elementor-element-9ff11ee e-con-full e-flex e-con e-child\" data-id=\"9ff11ee\" data-element_type=\"container\" data-e-type=\"container\" data-settings=\"{&quot;background_background&quot;:&quot;classic&quot;}\">\n\t\t\t\t<div class=\"elementor-element elementor-element-a87dd51 elementor-widget elementor-widget-spacer\" data-id=\"a87dd51\" data-element_type=\"widget\" data-e-type=\"widget\" data-widget_type=\"spacer.default\">\n\t\t\t\t<div class=\"elementor-widget-container\">\n\t\t\t\t\t\t\t<div class=\"elementor-spacer\">\n\t\t\t<div class=\"elementor-spacer-inner\"><\/div>\n\t\t<\/div>\n\t\t\t\t\t\t<\/div>\n\t\t\t\t<\/div>\n\t\t\t\t<\/div>\n\t\t\t\t<\/div>\n\t\t<div class=\"elementor-element elementor-element-88a0d50 e-con-full e-flex e-con e-parent\" data-id=\"88a0d50\" data-element_type=\"container\" data-e-type=\"container\" data-settings=\"{&quot;background_background&quot;:&quot;classic&quot;}\">\n\t\t<div class=\"elementor-element elementor-element-ae659f0 e-flex e-con-boxed e-con e-child\" data-id=\"ae659f0\" data-element_type=\"container\" data-e-type=\"container\">\n\t\t\t\t\t<div class=\"e-con-inner\">\n\t\t\t\t<div class=\"elementor-element elementor-element-ef9be19 elementor-widget elementor-widget-heading\" data-id=\"ef9be19\" data-element_type=\"widget\" data-e-type=\"widget\" data-widget_type=\"heading.default\">\n\t\t\t\t<div class=\"elementor-widget-container\">\n\t\t\t\t\t<h1 class=\"elementor-heading-title elementor-size-default\">TV SCHERMEN<\/h1>\t\t\t\t<\/div>\n\t\t\t\t<\/div>\n\t\t\t\t<div class=\"elementor-element elementor-element-c9854b1 elementor-widget elementor-widget-text-editor\" data-id=\"c9854b1\" data-element_type=\"widget\" data-e-type=\"widget\" data-widget_type=\"text-editor.default\">\n\t\t\t\t<div class=\"elementor-widget-container\">\n\t\t\t\t\t\t\t\t\t<p style=\"font-weight: 400;\">Ook aan tal tv-schermen ontbreekt het niet. Van de transit zone tot in de toiletten: je vindt ze overal. Ideaal voor branding, animaties of custom content die je boodschap \u00e9cht tot leven brengt \u2013 tot in het kleinste hoekje van de venue.<\/p><p><span style=\"font-weight: 400;\">\u00a0<\/span><\/p><p style=\"font-weight: 400;\">\u00a0<\/p>\t\t\t\t\t\t\t\t<\/div>\n\t\t\t\t<\/div>\n\t\t\t\t\t<\/div>\n\t\t\t\t<\/div>\n\t\t<div class=\"elementor-element elementor-element-68ded29 e-con-full e-flex e-con e-child\" data-id=\"68ded29\" data-element_type=\"container\" data-e-type=\"container\" data-settings=\"{&quot;background_background&quot;:&quot;classic&quot;}\">\n\t\t\t\t<div class=\"elementor-element elementor-element-756223a elementor-widget elementor-widget-spacer\" data-id=\"756223a\" data-element_type=\"widget\" data-e-type=\"widget\" data-widget_type=\"spacer.default\">\n\t\t\t\t<div class=\"elementor-widget-container\">\n\t\t\t\t\t\t\t<div class=\"elementor-spacer\">\n\t\t\t<div class=\"elementor-spacer-inner\"><\/div>\n\t\t<\/div>\n\t\t\t\t\t\t<\/div>\n\t\t\t\t<\/div>\n\t\t\t\t<\/div>\n\t\t\t\t<\/div>\n\t\t<div class=\"elementor-element elementor-element-c252ecd e-flex e-con-boxed e-con e-parent\" data-id=\"c252ecd\" data-element_type=\"container\" data-e-type=\"container\">\n\t\t\t\t\t<div class=\"e-con-inner\">\n\t\t\t\t<div class=\"elementor-element elementor-element-2243d02 elementor-widget elementor-widget-spacer\" data-id=\"2243d02\" data-element_type=\"widget\" data-e-type=\"widget\" data-widget_type=\"spacer.default\">\n\t\t\t\t<div class=\"elementor-widget-container\">\n\t\t\t\t\t\t\t<div class=\"elementor-spacer\">\n\t\t\t<div class=\"elementor-spacer-inner\"><\/div>\n\t\t<\/div>\n\t\t\t\t\t\t<\/div>\n\t\t\t\t<\/div>\n\t\t\t\t\t<\/div>\n\t\t\t\t<\/div>\n\t\t<div class=\"elementor-element elementor-element-ba98e82 e-flex e-con-boxed e-con e-parent\" data-id=\"ba98e82\" data-element_type=\"container\" data-e-type=\"container\" data-settings=\"{&quot;background_background&quot;:&quot;classic&quot;}\">\n\t\t\t\t\t<div class=\"e-con-inner\">\n\t\t<div class=\"elementor-element elementor-element-ccf5895 e-flex e-con-boxed e-con e-child\" data-id=\"ccf5895\" data-element_type=\"container\" data-e-type=\"container\">\n\t\t\t\t\t<div class=\"e-con-inner\">\n\t\t\t\t<div class=\"elementor-element elementor-element-81643be elementor-widget elementor-widget-heading\" data-id=\"81643be\" data-element_type=\"widget\" data-e-type=\"widget\" data-widget_type=\"heading.default\">\n\t\t\t\t<div class=\"elementor-widget-container\">\n\t\t\t\t\t<h1 class=\"elementor-heading-title elementor-size-default\">ONS ADVIES VOOR UW EVENEMENT<\/h1>\t\t\t\t<\/div>\n\t\t\t\t<\/div>\n\t\t\t\t<div class=\"elementor-element elementor-element-942d33b elementor-widget elementor-widget-text-editor\" data-id=\"942d33b\" data-element_type=\"widget\" data-e-type=\"widget\" data-widget_type=\"text-editor.default\">\n\t\t\t\t<div class=\"elementor-widget-container\">\n\t\t\t\t\t\t\t\t\t<div><span class=\"s2\"><span lang=\"FR\">Wij staan klaar om u te begeleiden bij de organisatie van uw evenement en u te helpen een onvergetelijke ervaring te cre\u00ebren voor alle aanwezigen. \nAarzel niet om contact met ons op te nemen bij vragen of specifieke wensen!<\/span><\/span><\/div>\t\t\t\t\t\t\t\t<\/div>\n\t\t\t\t<\/div>\n\t\t\t\t\t<\/div>\n\t\t\t\t<\/div>\n\t\t\t\t\t<\/div>\n\t\t\t\t<\/div>\n\t\t\t\t<\/div>","protected":false},"excerpt":{"rendered":"<p>BRANDING Personnalisez votre votre \u00e9v\u00e8nement comme vous le voulez MARQUE ET PERSONNALISATION QUAI 20 n\u2019est pas un lieu \u00e9v\u00e9nementiel comme les autres. Gr\u00e2ce \u00e0 l&rsquo;\u00e9cran LED XL et aux diff\u00e9rents autres \u00e9crans TV, transformez sans effort QUAI 20 dans l&rsquo;ambiance et le th\u00e8me de votre \u00e9v\u00e9nement. De cette fa\u00e7on, votre marque ou votre message obtient [&hellip;]<\/p>","protected":false},"author":1,"featured_media":0,"parent":0,"menu_order":0,"comment_status":"closed","ping_status":"closed","template":"elementor_header_footer","meta":{"footnotes":""},"class_list":["post-3739","page","type-page","status-publish","hentry"],"_links":{"self":[{"href":"https:\/\/quai20.be\/nl\/wp-json\/wp\/v2\/pages\/3739","targetHints":{"allow":["GET"]}}],"collection":[{"href":"https:\/\/quai20.be\/nl\/wp-json\/wp\/v2\/pages"}],"about":[{"href":"https:\/\/quai20.be\/nl\/wp-json\/wp\/v2\/types\/page"}],"author":[{"embeddable":true,"href":"https:\/\/quai20.be\/nl\/wp-json\/wp\/v2\/users\/1"}],"replies":[{"embeddable":true,"href":"https:\/\/quai20.be\/nl\/wp-json\/wp\/v2\/comments?post=3739"}],"version-history":[{"count":43,"href":"https:\/\/quai20.be\/nl\/wp-json\/wp\/v2\/pages\/3739\/revisions"}],"predecessor-version":[{"id":4705,"href":"https:\/\/quai20.be\/nl\/wp-json\/wp\/v2\/pages\/3739\/revisions\/4705"}],"wp:attachment":[{"href":"https:\/\/quai20.be\/nl\/wp-json\/wp\/v2\/media?parent=3739"}],"curies":[{"name":"wp","href":"https:\/\/api.w.org\/{rel}","templated":true}]}}