{"id":27,"date":"2025-02-02T13:45:00","date_gmt":"2025-02-02T13:45:00","guid":{"rendered":"https:\/\/quai20.be\/?page_id=27"},"modified":"2025-06-05T13:30:23","modified_gmt":"2025-06-05T13:30:23","slug":"evenement","status":"publish","type":"page","link":"https:\/\/quai20.be\/en\/evenement\/","title":{"rendered":""},"content":{"rendered":"<div data-elementor-type=\"wp-page\" data-elementor-id=\"27\" class=\"elementor elementor-27\" data-elementor-post-type=\"page\">\n\t\t\t\t<div class=\"elementor-element elementor-element-cde1eee e-flex e-con-boxed e-con e-parent\" data-id=\"cde1eee\" data-element_type=\"container\" data-e-type=\"container\" data-settings=\"{&quot;background_background&quot;:&quot;classic&quot;}\">\n\t\t\t\t\t<div class=\"e-con-inner\">\n\t\t<div class=\"elementor-element elementor-element-8dfdcd0 e-con-full e-flex e-con e-child\" data-id=\"8dfdcd0\" data-element_type=\"container\" data-e-type=\"container\">\n\t\t\t\t<div class=\"elementor-element elementor-element-2755a6c elementor-widget elementor-widget-heading\" data-id=\"2755a6c\" data-element_type=\"widget\" data-e-type=\"widget\" data-widget_type=\"heading.default\">\n\t\t\t\t<div class=\"elementor-widget-container\">\n\t\t\t\t\t<h1 class=\"elementor-heading-title elementor-size-default\">ACHIEVEMENTS<\/h1>\t\t\t\t<\/div>\n\t\t\t\t<\/div>\n\t\t\t\t<div class=\"elementor-element elementor-element-0a79534 elementor-widget elementor-widget-text-editor\" data-id=\"0a79534\" data-element_type=\"widget\" data-e-type=\"widget\" data-widget_type=\"text-editor.default\">\n\t\t\t\t<div class=\"elementor-widget-container\">\n\t\t\t\t\t\t\t\t\t<p>Unforgettable experiences we're proud of<\/p>\t\t\t\t\t\t\t\t<\/div>\n\t\t\t\t<\/div>\n\t\t\t\t<\/div>\n\t\t\t\t\t<\/div>\n\t\t\t\t<\/div>\n\t\t<div class=\"elementor-element elementor-element-5b9f338 e-flex e-con-boxed e-con e-parent\" data-id=\"5b9f338\" data-element_type=\"container\" data-e-type=\"container\" data-settings=\"{&quot;background_background&quot;:&quot;classic&quot;}\">\n\t\t\t\t\t<div class=\"e-con-inner\">\n\t\t\t\t<div class=\"elementor-element elementor-element-15e1157 elementor-widget elementor-widget-heading\" data-id=\"15e1157\" data-element_type=\"widget\" data-e-type=\"widget\" data-widget_type=\"heading.default\">\n\t\t\t\t<div class=\"elementor-widget-container\">\n\t\t\t\t\t<h2 class=\"elementor-heading-title elementor-size-default\">Come back soon to see the photos and videos of our events.<\/h2>\t\t\t\t<\/div>\n\t\t\t\t<\/div>\n\t\t\t\t\t<\/div>\n\t\t\t\t<\/div>\n\t\t\t\t<\/div>","protected":false},"excerpt":{"rendered":"<p>R\u00c9ALISATIONS Des exp\u00e9riences inoubliables dont nous sommes fiers Revenez bient\u00f4t ici pour voir les photos et vid\u00e9os de nos \u00e9v\u00e8nements.<\/p>","protected":false},"author":1,"featured_media":0,"parent":0,"menu_order":0,"comment_status":"closed","ping_status":"closed","template":"","meta":{"footnotes":""},"class_list":["post-27","page","type-page","status-publish","hentry"],"_links":{"self":[{"href":"https:\/\/quai20.be\/en\/wp-json\/wp\/v2\/pages\/27","targetHints":{"allow":["GET"]}}],"collection":[{"href":"https:\/\/quai20.be\/en\/wp-json\/wp\/v2\/pages"}],"about":[{"href":"https:\/\/quai20.be\/en\/wp-json\/wp\/v2\/types\/page"}],"author":[{"embeddable":true,"href":"https:\/\/quai20.be\/en\/wp-json\/wp\/v2\/users\/1"}],"replies":[{"embeddable":true,"href":"https:\/\/quai20.be\/en\/wp-json\/wp\/v2\/comments?post=27"}],"version-history":[{"count":270,"href":"https:\/\/quai20.be\/en\/wp-json\/wp\/v2\/pages\/27\/revisions"}],"predecessor-version":[{"id":4542,"href":"https:\/\/quai20.be\/en\/wp-json\/wp\/v2\/pages\/27\/revisions\/4542"}],"wp:attachment":[{"href":"https:\/\/quai20.be\/en\/wp-json\/wp\/v2\/media?parent=27"}],"curies":[{"name":"wp","href":"https:\/\/api.w.org\/{rel}","templated":true}]}}